{"id":1491,"date":"2024-09-30T07:49:28","date_gmt":"2024-09-30T07:49:28","guid":{"rendered":"https:\/\/joaquimmarzo.com\/?page_id=1491"},"modified":"2026-04-05T09:29:03","modified_gmt":"2026-04-05T09:29:03","slug":"welcome","status":"publish","type":"page","link":"https:\/\/joaquimmarzo.com\/fr\/","title":{"rendered":"Welcome"},"content":{"rendered":"<p>[et_pb_section fb_built=\u00bb1&#8243; admin_label=\u00bbHeader\u00bb _builder_version=\u00bb4.27.4&#8243; _module_preset=\u00bbdefault\u00bb background_color=\u00bbrgba(246,241,232,0.75)\u00bb background_image=\u00bbhttps:\/\/joaquimmarzo.com\/wp-content\/uploads\/2023\/09\/mains.jpg\u00bb background_position=\u00bbtop_center\u00bb background_blend=\u00bblighten\u00bb custom_padding=\u00bb28px||0px||false|false\u00bb bottom_divider_style=\u00bbcurve\u00bb bottom_divider_height=\u00bb8vw\u00bb bottom_divider_repeat=\u00bb1x\u00bb bottom_divider_flip=\u00bbvertical\u00bb hover_enabled=\u00bb0&#8243; collapsed=\u00bboff\u00bb global_colors_info=\u00bb{}\u00bb sticky_enabled=\u00bb0&#8243; bottom_divider_color=\u00bb#F6F1E8&#8243;][et_pb_row column_structure=\u00bb3_4,1_4&#8243; _builder_version=\u00bb4.17.3&#8243; _module_preset=\u00bbdefault\u00bb z_index=\u00bb10&#8243; custom_margin=\u00bb||||false|false\u00bb custom_padding=\u00bb||0px|||\u00bb global_colors_info=\u00bb{}\u00bb][et_pb_column type=\u00bb3_4&#8243; _builder_version=\u00bb4.17.1&#8243; _module_preset=\u00bbdefault\u00bb global_colors_info=\u00bb{}\u00bb][et_pb_text _builder_version=\u00bb4.27.4&#8243; _module_preset=\u00bbc16985e1-e0d6-4022-964d-e2bfc04fa633&#8243; header_font=\u00bbEB Garamond|200|||||||\u00bb header_text_color=\u00bb#243746&#8243; header_font_size=\u00bb90px\u00bb header_line_height=\u00bb1.1em\u00bb custom_margin=\u00bb||30px||false|false\u00bb hover_enabled=\u00bb0&#8243; header_font_size_tablet=\u00bb40px\u00bb header_font_size_phone=\u00bb24px\u00bb header_font_size_last_edited=\u00bbon|desktop\u00bb locked=\u00bboff\u00bb global_colors_info=\u00bb{}\u00bb sticky_enabled=\u00bb0&#8243;]<\/p>\n<h1>Empieza hoy tu viaje para sentirte mejor.<\/h1>\n<p>[\/et_pb_text][et_pb_image src=\u00bbhttps:\/\/joaquimmarzo.com\/wp-content\/uploads\/2023\/09\/Joaquim-en-soin.jpeg\u00bb alt=\u00bbJoaquim en terapia\u00bb title_text=\u00bbJoaquim en terapia\u00bb align=\u00bbright\u00bb _builder_version=\u00bb4.27.0&#8243; _module_preset=\u00bbdefault\u00bb max_height=\u00bb400px\u00bb custom_margin=\u00bb-27px||||false|false\u00bb custom_margin_tablet=\u00bb0px||||false|false\u00bb custom_margin_phone=\u00bb0px||||false|false\u00bb custom_margin_last_edited=\u00bbon|tablet\u00bb filter_brightness=\u00bb147%\u00bb border_radii=\u00bboff|150px|20px||\u00bb global_colors_info=\u00bb{}\u00bb][\/et_pb_image][et_pb_button button_url=\u00bbhttps:\/\/joaquimmarzo.com\/quien-soy\/\u00bb button_text=\u00bbSaber m\u00e1s sobre m\u00ed\u00bb _builder_version=\u00bb4.27.0&#8243; _module_preset=\u00bbdefault\u00bb custom_button=\u00bbon\u00bb button_text_color=\u00bb#000000&#8243; button_border_color=\u00bb#000000&#8243; box_shadow_style=\u00bbpreset1&#8243; global_colors_info=\u00bb{}\u00bb][\/et_pb_button][et_pb_text _builder_version=\u00bb4.27.4&#8243; _module_preset=\u00bbb327cbe4-b1d5-4b66-ad37-40c8f2f061ba\u00bb header_2_font=\u00bbGreat Vibes|&#8211;et_global_body_font_weight|||||||\u00bb header_2_text_color=\u00bb#243746&#8243; header_2_font_size=\u00bb54px\u00bb header_2_line_height=\u00bb1.2em\u00bb max_width=\u00bb59%\u00bb module_alignment=\u00bbleft\u00bb custom_margin=\u00bb-340px||0px||false|false\u00bb hover_enabled=\u00bb0&#8243; header_2_font_size_tablet=\u00bb32px\u00bb header_2_font_size_phone=\u00bb26px\u00bb header_2_font_size_last_edited=\u00bbon|tablet\u00bb locked=\u00bboff\u00bb global_colors_info=\u00bb{}\u00bb sticky_enabled=\u00bb0&#8243;]<\/p>\n<h2>Soy Joaquim Marzo,<\/h2>\n<h2>Formador y Terapeuta,<\/h2>\n<h2>Consultor Immunotec<\/h2>\n<p>[\/et_pb_text][\/et_pb_column][et_pb_column type=\u00bb1_4&#8243; _builder_version=\u00bb4.17.1&#8243; _module_preset=\u00bbdefault\u00bb global_colors_info=\u00bb{}\u00bb][et_pb_image src=\u00bbhttps:\/\/joaquimmarzo.com\/wp-content\/uploads\/2023\/09\/meditation.png\u00bb alt=\u00bbJoaquim Marzo\u00bb title_text=\u00bbmeditation\u00bb align=\u00bbcenter\u00bb _builder_version=\u00bb4.27.4&#8243; _module_preset=\u00bbdefault\u00bb max_height=\u00bb500px\u00bb border_radii=\u00bbon|10px|10px|10px|10px\u00bb global_colors_info=\u00bb{}\u00bb][\/et_pb_image][et_pb_image src=\u00bbhttps:\/\/joaquimmarzo.com\/wp-content\/uploads\/2023\/09\/FORMACION2.png\u00bb alt=\u00bbfORMACION EN TERAPIA ESENIA Y EGIPCIA\u00bb title_text=\u00bbFORMACION2&#8243; _builder_version=\u00bb4.27.0&#8243; _module_preset=\u00bbdefault\u00bb max_height=\u00bb500px\u00bb custom_margin=\u00bb||||false|false\u00bb border_radii=\u00bboff|||20px|200px\u00bb global_colors_info=\u00bb{}\u00bb][\/et_pb_image][\/et_pb_column][\/et_pb_row][\/et_pb_section][et_pb_section fb_built=\u00bb1&#8243; admin_label=\u00bbServices\u00bb _builder_version=\u00bb4.27.4&#8243; _module_preset=\u00bbdefault\u00bb background_image=\u00bbhttps:\/\/joaquimmarzo.com\/wp-content\/uploads\/2024\/09\/therapy-28.png\u00bb background_size=\u00bbinitial\u00bb background_position=\u00bbtop_left\u00bb background_horizontal_offset=\u00bb-8%\u00bb background_vertical_offset=\u00bb20%\u00bb custom_padding=\u00bb16px|||||\u00bb hover_enabled=\u00bb0&#8243; locked=\u00bboff\u00bb collapsed=\u00bboff\u00bb global_colors_info=\u00bb{}\u00bb background_color=\u00bb#F6F1E8&#8243; sticky_enabled=\u00bb0&#8243;][et_pb_row _builder_version=\u00bb4.17.3&#8243; _module_preset=\u00bbdefault\u00bb global_colors_info=\u00bb{}\u00bb][et_pb_column type=\u00bb4_4&#8243; _builder_version=\u00bb4.17.1&#8243; _module_preset=\u00bbdefault\u00bb global_colors_info=\u00bb{}\u00bb][et_pb_text _builder_version=\u00bb4.27.0&#8243; _module_preset=\u00bbb327cbe4-b1d5-4b66-ad37-40c8f2f061ba\u00bb header_2_font=\u00bbCormorant Garamond|700|||||||\u00bb header_2_text_color=\u00bb#000000&#8243; header_2_font_size=\u00bb60px\u00bb header_2_line_height=\u00bb1.2em\u00bb text_orientation=\u00bbcenter\u00bb custom_margin=\u00bb||0px||false|false\u00bb header_2_font_size_tablet=\u00bb32px\u00bb header_2_font_size_phone=\u00bb26px\u00bb header_2_font_size_last_edited=\u00bbon|tablet\u00bb global_colors_info=\u00bb{}\u00bb]<\/p>\n<h2>\u00bfQu\u00e9 puedo ofrecerte?<\/h2>\n<p>[\/et_pb_text][\/et_pb_column][\/et_pb_row][et_pb_row column_structure=\u00bb3_5,2_5&#8243; make_equal=\u00bbon\u00bb _builder_version=\u00bb4.17.3&#8243; _module_preset=\u00bbdefault\u00bb global_colors_info=\u00bb{}\u00bb][et_pb_column type=\u00bb3_5&#8243; _builder_version=\u00bb4.17.1&#8243; _module_preset=\u00bbdefault\u00bb global_colors_info=\u00bb{}\u00bb][et_pb_text _builder_version=\u00bb4.27.0&#8243; _module_preset=\u00bbaaa7c440-590a-4078-ae0c-0f3c699ac51c\u00bb link_text_color=\u00bb#A7A9A9&#8243; header_font=\u00bb||||||||\u00bb header_3_font=\u00bbCormorant Garamond|600|||||||\u00bb header_3_text_align=\u00bbright\u00bb header_3_text_color=\u00bb#000000&#8243; header_3_font_size=\u00bb40px\u00bb header_3_line_height=\u00bb1.2em\u00bb text_orientation=\u00bbcenter\u00bb custom_margin=\u00bb||1.5em||false|false\u00bb custom_padding=\u00bb|50px|||false|false\u00bb link_option_url=\u00bbhttps:\/\/joaquimmarzo.com\/un-tratamiento\/\u00bb header_3_font_size_tablet=\u00bb25px\u00bb header_3_font_size_phone=\u00bb18px\u00bb header_3_font_size_last_edited=\u00bbon|phone\u00bb global_colors_info=\u00bb{}\u00bb link_text_color__hover_enabled=\u00bbon|desktop\u00bb link_text_color__hover=\u00bb#22434A\u00bb]<\/p>\n<h3>Tratamientos esenio y egipcio<\/h3>\n<p>[\/et_pb_text][et_pb_text _builder_version=\u00bb4.27.0&#8243; _module_preset=\u00bbaaa7c440-590a-4078-ae0c-0f3c699ac51c\u00bb link_text_color=\u00bb#A7A9A9&#8243; header_font=\u00bb||||||||\u00bb header_3_font=\u00bbCormorant Garamond|600|||||||\u00bb header_3_text_align=\u00bbright\u00bb header_3_text_color=\u00bb#000000&#8243; header_3_font_size=\u00bb40px\u00bb header_3_line_height=\u00bb1.2em\u00bb text_orientation=\u00bbcenter\u00bb custom_margin=\u00bb||1.5em||false|false\u00bb custom_padding=\u00bb|50px|||false|false\u00bb link_option_url=\u00bbhttps:\/\/joaquimmarzo.com\/recibe-un-tratamiento-a-distancia\/\u00bb header_3_font_size_tablet=\u00bb25px\u00bb header_3_font_size_phone=\u00bb18px\u00bb header_3_font_size_last_edited=\u00bbon|phone\u00bb global_colors_info=\u00bb{}\u00bb link_text_color__hover_enabled=\u00bbon|desktop\u00bb link_text_color__hover=\u00bb#22434A\u00bb]<\/p>\n<h3>Tratamiento a distancia<\/h3>\n<p>[\/et_pb_text][et_pb_text _builder_version=\u00bb4.27.0&#8243; _module_preset=\u00bbaaa7c440-590a-4078-ae0c-0f3c699ac51c\u00bb link_text_color=\u00bb#A7A9A9&#8243; header_font=\u00bb||||||||\u00bb header_3_font=\u00bbCormorant Garamond|600|||||||\u00bb header_3_text_align=\u00bbright\u00bb header_3_text_color=\u00bb#000000&#8243; header_3_font_size=\u00bb40px\u00bb header_3_line_height=\u00bb1.2em\u00bb text_orientation=\u00bbcenter\u00bb custom_margin=\u00bb||1.5em||false|false\u00bb custom_padding=\u00bb|50px|||false|false\u00bb link_option_url=\u00bbhttps:\/\/joaquimmarzo.com\/la-formacion\/\u00bb header_3_font_size_tablet=\u00bb25px\u00bb header_3_font_size_phone=\u00bb18px\u00bb header_3_font_size_last_edited=\u00bbon|phone\u00bb global_colors_info=\u00bb{}\u00bb link_text_color__hover_enabled=\u00bbon|desktop\u00bb link_text_color__hover=\u00bb#22434A\u00bb]<\/p>\n<h3>Formaci\u00f3n en tratamientos esenios y egipcios<\/h3>\n<p>[\/et_pb_text][\/et_pb_column][et_pb_column type=\u00bb2_5&#8243; _builder_version=\u00bb4.17.1&#8243; _module_preset=\u00bbdefault\u00bb global_colors_info=\u00bb{}\u00bb][et_pb_divider show_divider=\u00bboff\u00bb _builder_version=\u00bb4.27.4&#8243; _module_preset=\u00bbdefault\u00bb background_color=\u00bbrgba(127,195,255,0.75)\u00bb positioning=\u00bbabsolute\u00bb width=\u00bb150px\u00bb height=\u00bb150px\u00bb border_radii=\u00bbon|200px|200px|200px|200px\u00bb box_shadow_style=\u00bbpreset6&#8243; global_colors_info=\u00bb{}\u00bb][\/et_pb_divider][et_pb_image src=\u00bbhttps:\/\/joaquimmarzo.com\/wp-content\/uploads\/2024\/09\/therapy-5.png\u00bb title_text=\u00bbtherapy 5&#8243; _builder_version=\u00bb4.17.3&#8243; _module_preset=\u00bbdefault\u00bb max_height=\u00bb300px\u00bb custom_margin=\u00bb50px|||50px|false|false\u00bb global_colors_info=\u00bb{}\u00bb][\/et_pb_image][\/et_pb_column][\/et_pb_row][et_pb_row column_structure=\u00bb1_3,1_3,1_3&#8243; _builder_version=\u00bb4.17.1&#8243; _module_preset=\u00bbdefault\u00bb global_colors_info=\u00bb{}\u00bb][et_pb_column type=\u00bb1_3&#8243; _builder_version=\u00bb4.17.1&#8243; _module_preset=\u00bbdefault\u00bb global_colors_info=\u00bb{}\u00bb][et_pb_text _builder_version=\u00bb4.27.0&#8243; _module_preset=\u00bb1f09816e-184e-4ce5-a4cf-b39c52c423ca\u00bb text_font=\u00bbInter||||||||\u00bb text_text_color=\u00bb#22434A\u00bb text_line_height=\u00bb1.8em\u00bb text_font_size_tablet=\u00bb16px\u00bb text_font_size_phone=\u00bb14px\u00bb text_font_size_last_edited=\u00bbon|tablet\u00bb header_font_size_tablet=\u00bb55px\u00bb header_font_size_last_edited=\u00bboff|desktop\u00bb global_colors_info=\u00bb{}\u00bb]<\/p>\n<blockquote>\n<h3>El laberinto que existe entre el cuerpo y el esp\u00edritu es puro fruto de la imaginaci\u00f3n. Para comprenderlo, para derribar sus barreras enga\u00f1osas, hay que atreverse a penetrar en \u00e9l<\/h3>\n<p><a href=\"https:\/\/isthar.org\/libros\/akenaton\/\">Akenat\u00f3n<\/a><br \/><a href=\"https:\/\/isthar.org\/libros\/akenaton\/\">El mensaje del fara\u00f3n solar, Daniel Meurois<\/a><\/p>\n<\/blockquote>\n<p>[\/et_pb_text][\/et_pb_column][et_pb_column type=\u00bb1_3&#8243; _builder_version=\u00bb4.17.1&#8243; _module_preset=\u00bbdefault\u00bb global_colors_info=\u00bb{}\u00bb][et_pb_text _builder_version=\u00bb4.27.0&#8243; _module_preset=\u00bb1f09816e-184e-4ce5-a4cf-b39c52c423ca\u00bb text_font=\u00bbInter||||||||\u00bb text_text_color=\u00bb#22434A\u00bb text_line_height=\u00bb1.8em\u00bb text_font_size_tablet=\u00bb16px\u00bb text_font_size_phone=\u00bb14px\u00bb text_font_size_last_edited=\u00bbon|tablet\u00bb header_font_size_tablet=\u00bb55px\u00bb header_font_size_last_edited=\u00bboff|desktop\u00bb global_colors_info=\u00bb{}\u00bb]<\/p>\n<blockquote>\n<h3>Existen sin duda cien mil caminos que conducen al Eterno pero, un d\u00eda u otro, todos se cruzan en un solo punto, el del Coraz\u00f3n<\/h3>\n<p><a href=\"https:\/\/isthar.org\/libros\/recuperando-la-autoestima\/\" target=\"_blank\" rel=\"noopener\">Recuperando mi AUTOESTIMA, Daniel Meurois, Ediciones Isthar<\/a><\/p>\n<p>&nbsp;<\/p>\n<\/blockquote>\n<p>[\/et_pb_text][\/et_pb_column][et_pb_column type=\u00bb1_3&#8243; _builder_version=\u00bb4.17.1&#8243; _module_preset=\u00bbdefault\u00bb global_colors_info=\u00bb{}\u00bb][et_pb_text _builder_version=\u00bb4.27.4&#8243; _module_preset=\u00bb1f09816e-184e-4ce5-a4cf-b39c52c423ca\u00bb text_font=\u00bbInter||||||||\u00bb text_text_color=\u00bb#22434A\u00bb text_line_height=\u00bb1.8em\u00bb text_font_size_tablet=\u00bb16px\u00bb text_font_size_phone=\u00bb14px\u00bb text_font_size_last_edited=\u00bbon|tablet\u00bb header_font_size_tablet=\u00bb55px\u00bb header_font_size_last_edited=\u00bboff|desktop\u00bb global_colors_info=\u00bb{}\u00bb]<\/p>\n<blockquote>\n<h3>Aprender, buscar comprender con una gran apertura mental y practicar el amor al pr\u00f3jimo son los factores que favorecen la ruptura progresiva de las capas en las que est\u00e1n aprisionados el alma y el esp\u00edritu humanos.<\/h3>\n<p><a href=\"#\" target=\"_blank\" rel=\"noopener\">Daniel Meurois<\/a><\/p>\n<\/blockquote>\n<p>[\/et_pb_text][\/et_pb_column][\/et_pb_row][\/et_pb_section]<\/p>\n","protected":false},"excerpt":{"rendered":"<p>Empieza hoy tu viaje para sentirte mejor.Soy Joaquim Marzo, Formador y Terapeuta, Consultor Immunotec\u00bfQu\u00e9 puedo ofrecerte?Tratamientos esenio y egipcioTratamiento a distanciaFormaci\u00f3n en tratamientos esenios y egipcios El laberinto que existe entre el cuerpo y el esp\u00edritu es puro fruto de la imaginaci\u00f3n. Para comprenderlo, para derribar sus barreras enga\u00f1osas, hay que atreverse a penetrar en [&hellip;]<\/p>\n","protected":false},"author":5,"featured_media":0,"parent":0,"menu_order":0,"comment_status":"closed","ping_status":"closed","template":"","meta":{"_acf_changed":false,"_et_pb_use_builder":"on","_et_pb_old_content":"","_et_gb_content_width":"","footnotes":""},"class_list":["post-1491","page","type-page","status-publish","hentry"],"acf":[],"aioseo_notices":[],"_links":{"self":[{"href":"https:\/\/joaquimmarzo.com\/fr\/wp-json\/wp\/v2\/pages\/1491","targetHints":{"allow":["GET"]}}],"collection":[{"href":"https:\/\/joaquimmarzo.com\/fr\/wp-json\/wp\/v2\/pages"}],"about":[{"href":"https:\/\/joaquimmarzo.com\/fr\/wp-json\/wp\/v2\/types\/page"}],"author":[{"embeddable":true,"href":"https:\/\/joaquimmarzo.com\/fr\/wp-json\/wp\/v2\/users\/5"}],"replies":[{"embeddable":true,"href":"https:\/\/joaquimmarzo.com\/fr\/wp-json\/wp\/v2\/comments?post=1491"}],"version-history":[{"count":30,"href":"https:\/\/joaquimmarzo.com\/fr\/wp-json\/wp\/v2\/pages\/1491\/revisions"}],"predecessor-version":[{"id":2647,"href":"https:\/\/joaquimmarzo.com\/fr\/wp-json\/wp\/v2\/pages\/1491\/revisions\/2647"}],"wp:attachment":[{"href":"https:\/\/joaquimmarzo.com\/fr\/wp-json\/wp\/v2\/media?parent=1491"}],"curies":[{"name":"wp","href":"https:\/\/api.w.org\/{rel}","templated":true}]}}